{"id":867,"date":"2018-11-12T18:11:20","date_gmt":"2018-11-12T18:11:20","guid":{"rendered":"https:\/\/hannouchedalila.wordpress.com\/?page_id=10"},"modified":"2025-06-16T00:11:14","modified_gmt":"2025-06-15T22:11:14","slug":"qui-suis-je","status":"publish","type":"page","link":"https:\/\/dalilahannouche.com\/en\/qui-suis-je\/","title":{"rendered":"Qui suis-je?"},"content":{"rendered":"<p class=\"translator-checked translator-dont-translate\">Je m\u2019appelle Dalila Hannouche, l&rsquo;autrice et l&rsquo;illustratrice du recueil de contes : \u00ab\u00a0R\u00e9v\u00e8le-moi ton secret\u00a0\u00bb. Dans sa forme de conte pour jeunesse, ce livre est une oeuvre po\u00e9tique et philosophique, accompagn\u00e9 d&rsquo;illustrations (aid\u00e9es pour certaines de la talentueuse Rayane Haddar).\u00a0 \u00c0 travers 5 contes, le lecteur voyage dans des mondes parall\u00e8les pour d\u00e9couvrir des \u00eatres sensibles, chacun poss\u00e9dant des secrets. Mais au moment o\u00f9 le secret est r\u00e9v\u00e9l\u00e9, des v\u00e9rit\u00e9s qui sommeillent en nous \u00e9clatent, et le conte prend tout son sens.<\/p>\n<p class=\"translator-checked translator-dont-translate\">Si vous aimez des \u0153uvres comme le petit prince ou les contes d&rsquo;Andersen, alors \u201cR\u00e9v\u00e8le-moi ton secret\u201d est votre livre.<\/p>\n<p><iframe title=\"Livre jeunesse &quot;R\u00e9v\u00e8le-moi ton secret&quot;\" width=\"620\" height=\"349\" src=\"https:\/\/www.youtube.com\/embed\/xuaY6LEa-dU?feature=oembed\" frameborder=\"0\" allow=\"accelerometer; autoplay; clipboard-write; encrypted-media; gyroscope; picture-in-picture; web-share\" referrerpolicy=\"strict-origin-when-cross-origin\" allowfullscreen><\/iframe><\/p>","protected":false},"excerpt":{"rendered":"<p>Je m\u2019appelle Dalila Hannouche, l&rsquo;autrice et l&rsquo;illustratrice du recueil de contes : \u00ab\u00a0R\u00e9v\u00e8le-moi ton secret\u00a0\u00bb. Dans sa forme de conte pour jeunesse, ce livre est une oeuvre po\u00e9tique et philosophique, accompagn\u00e9 d&rsquo;illustrations (aid\u00e9es pour certaines de la talentueuse Rayane Haddar).\u00a0 \u00c0 travers 5 contes, le lecteur voyage dans des mondes parall\u00e8les pour d\u00e9couvrir des \u00eatres<a class=\"more-link\" href=\"https:\/\/dalilahannouche.com\/en\/qui-suis-je\/\">Continue reading <span class=\"screen-reader-text\">\u00ab\u00a0Qui suis-je?\u00a0\u00bb<\/span><\/a><\/p>","protected":false},"author":1,"featured_media":0,"parent":0,"menu_order":0,"comment_status":"closed","ping_status":"closed","template":"","meta":{"footnotes":""},"class_list":["post-867","page","type-page","status-publish","hentry","entry"],"yoast_head":"<!-- This site is optimized with the Yoast SEO plugin v27.4 - https:\/\/yoast.com\/product\/yoast-seo-wordpress\/ -->\n<title>Qui suis-je? - Dalila Hannouche<\/title>\n<meta name=\"robots\" content=\"index, follow, max-snippet:-1, max-image-preview:large, max-video-preview:-1\" \/>\n<link rel=\"canonical\" href=\"https:\/\/dalilahannouche.com\/en\/qui-suis-je\/\" \/>\n<meta property=\"og:locale\" content=\"en_US\" \/>\n<meta property=\"og:type\" content=\"article\" \/>\n<meta property=\"og:title\" content=\"Qui suis-je? - Dalila Hannouche\" \/>\n<meta property=\"og:description\" content=\"Je m\u2019appelle Dalila Hannouche, l&rsquo;autrice et l&rsquo;illustratrice du recueil de contes : \u00ab\u00a0R\u00e9v\u00e8le-moi ton secret\u00a0\u00bb. Dans sa forme de conte pour jeunesse, ce livre est une oeuvre po\u00e9tique et philosophique, accompagn\u00e9 d&rsquo;illustrations (aid\u00e9es pour certaines de la talentueuse Rayane Haddar).\u00a0 \u00c0 travers 5 contes, le lecteur voyage dans des mondes parall\u00e8les pour d\u00e9couvrir des \u00eatresContinue reading &quot;Qui suis-je?&quot;\" \/>\n<meta property=\"og:url\" content=\"https:\/\/dalilahannouche.com\/en\/qui-suis-je\/\" \/>\n<meta property=\"og:site_name\" content=\"Dalila Hannouche\" \/>\n<meta property=\"article:modified_time\" content=\"2025-06-15T22:11:14+00:00\" \/>\n<meta name=\"twitter:card\" content=\"summary_large_image\" \/>\n<meta name=\"twitter:label1\" content=\"Est. reading time\" \/>\n\t<meta name=\"twitter:data1\" content=\"1 minute\" \/>\n<script type=\"application\/ld+json\" class=\"yoast-schema-graph\">{\"@context\":\"https:\\\/\\\/schema.org\",\"@graph\":[{\"@type\":\"WebPage\",\"@id\":\"https:\\\/\\\/dalilahannouche.com\\\/qui-suis-je\\\/\",\"url\":\"https:\\\/\\\/dalilahannouche.com\\\/qui-suis-je\\\/\",\"name\":\"Qui suis-je? - Dalila Hannouche\",\"isPartOf\":{\"@id\":\"https:\\\/\\\/dalilahannouche.com\\\/#website\"},\"datePublished\":\"2018-11-12T18:11:20+00:00\",\"dateModified\":\"2025-06-15T22:11:14+00:00\",\"breadcrumb\":{\"@id\":\"https:\\\/\\\/dalilahannouche.com\\\/qui-suis-je\\\/#breadcrumb\"},\"inLanguage\":\"en-US\",\"potentialAction\":[{\"@type\":\"ReadAction\",\"target\":[\"https:\\\/\\\/dalilahannouche.com\\\/qui-suis-je\\\/\"]}]},{\"@type\":\"BreadcrumbList\",\"@id\":\"https:\\\/\\\/dalilahannouche.com\\\/qui-suis-je\\\/#breadcrumb\",\"itemListElement\":[{\"@type\":\"ListItem\",\"position\":1,\"name\":\"Home\",\"item\":\"https:\\\/\\\/dalilahannouche.com\\\/\"},{\"@type\":\"ListItem\",\"position\":2,\"name\":\"Qui suis-je?\"}]},{\"@type\":\"WebSite\",\"@id\":\"https:\\\/\\\/dalilahannouche.com\\\/#website\",\"url\":\"https:\\\/\\\/dalilahannouche.com\\\/\",\"name\":\"Dalila Hannouche\",\"description\":\"\u00c9crivain\",\"potentialAction\":[{\"@type\":\"SearchAction\",\"target\":{\"@type\":\"EntryPoint\",\"urlTemplate\":\"https:\\\/\\\/dalilahannouche.com\\\/?s={search_term_string}\"},\"query-input\":{\"@type\":\"PropertyValueSpecification\",\"valueRequired\":true,\"valueName\":\"search_term_string\"}}],\"inLanguage\":\"en-US\"}]}<\/script>\n<!-- \/ Yoast SEO plugin. -->","yoast_head_json":{"title":"Qui suis-je? - Dalila Hannouche","robots":{"index":"index","follow":"follow","max-snippet":"max-snippet:-1","max-image-preview":"max-image-preview:large","max-video-preview":"max-video-preview:-1"},"canonical":"https:\/\/dalilahannouche.com\/en\/qui-suis-je\/","og_locale":"en_US","og_type":"article","og_title":"Qui suis-je? - Dalila Hannouche","og_description":"Je m\u2019appelle Dalila Hannouche, l&rsquo;autrice et l&rsquo;illustratrice du recueil de contes : \u00ab\u00a0R\u00e9v\u00e8le-moi ton secret\u00a0\u00bb. Dans sa forme de conte pour jeunesse, ce livre est une oeuvre po\u00e9tique et philosophique, accompagn\u00e9 d&rsquo;illustrations (aid\u00e9es pour certaines de la talentueuse Rayane Haddar).\u00a0 \u00c0 travers 5 contes, le lecteur voyage dans des mondes parall\u00e8les pour d\u00e9couvrir des \u00eatresContinue reading \"Qui suis-je?\"","og_url":"https:\/\/dalilahannouche.com\/en\/qui-suis-je\/","og_site_name":"Dalila Hannouche","article_modified_time":"2025-06-15T22:11:14+00:00","twitter_card":"summary_large_image","twitter_misc":{"Est. reading time":"1 minute"},"schema":{"@context":"https:\/\/schema.org","@graph":[{"@type":"WebPage","@id":"https:\/\/dalilahannouche.com\/qui-suis-je\/","url":"https:\/\/dalilahannouche.com\/qui-suis-je\/","name":"Qui suis-je? - Dalila Hannouche","isPartOf":{"@id":"https:\/\/dalilahannouche.com\/#website"},"datePublished":"2018-11-12T18:11:20+00:00","dateModified":"2025-06-15T22:11:14+00:00","breadcrumb":{"@id":"https:\/\/dalilahannouche.com\/qui-suis-je\/#breadcrumb"},"inLanguage":"en-US","potentialAction":[{"@type":"ReadAction","target":["https:\/\/dalilahannouche.com\/qui-suis-je\/"]}]},{"@type":"BreadcrumbList","@id":"https:\/\/dalilahannouche.com\/qui-suis-je\/#breadcrumb","itemListElement":[{"@type":"ListItem","position":1,"name":"Home","item":"https:\/\/dalilahannouche.com\/"},{"@type":"ListItem","position":2,"name":"Qui suis-je?"}]},{"@type":"WebSite","@id":"https:\/\/dalilahannouche.com\/#website","url":"https:\/\/dalilahannouche.com\/","name":"Dalila Hannouche","description":"\u00c9crivain","potentialAction":[{"@type":"SearchAction","target":{"@type":"EntryPoint","urlTemplate":"https:\/\/dalilahannouche.com\/?s={search_term_string}"},"query-input":{"@type":"PropertyValueSpecification","valueRequired":true,"valueName":"search_term_string"}}],"inLanguage":"en-US"}]}},"jetpack_sharing_enabled":true,"jetpack-related-posts":[],"jetpack_shortlink":"https:\/\/wp.me\/PgCs3X-dZ","brizy_media":[],"_links":{"self":[{"href":"https:\/\/dalilahannouche.com\/en\/wp-json\/wp\/v2\/pages\/867","targetHints":{"allow":["GET"]}}],"collection":[{"href":"https:\/\/dalilahannouche.com\/en\/wp-json\/wp\/v2\/pages"}],"about":[{"href":"https:\/\/dalilahannouche.com\/en\/wp-json\/wp\/v2\/types\/page"}],"author":[{"embeddable":true,"href":"https:\/\/dalilahannouche.com\/en\/wp-json\/wp\/v2\/users\/1"}],"replies":[{"embeddable":true,"href":"https:\/\/dalilahannouche.com\/en\/wp-json\/wp\/v2\/comments?post=867"}],"version-history":[{"count":1,"href":"https:\/\/dalilahannouche.com\/en\/wp-json\/wp\/v2\/pages\/867\/revisions"}],"predecessor-version":[{"id":937,"href":"https:\/\/dalilahannouche.com\/en\/wp-json\/wp\/v2\/pages\/867\/revisions\/937"}],"wp:attachment":[{"href":"https:\/\/dalilahannouche.com\/en\/wp-json\/wp\/v2\/media?parent=867"}],"curies":[{"name":"wp","href":"https:\/\/api.w.org\/{rel}","templated":true}]}}