{"id":80,"date":"2018-11-30T14:30:44","date_gmt":"2018-11-30T14:30:44","guid":{"rendered":"http:\/\/dalilahannouche.home.blog\/?page_id=80"},"modified":"2018-11-30T14:30:44","modified_gmt":"2018-11-30T14:30:44","slug":"actualite-articles","status":"publish","type":"page","link":"https:\/\/dalilahannouche.com\/en\/actualite-articles\/","title":{"rendered":"Actualit\u00e9"},"content":{"rendered":"<div class=\"wp-block-columns has-0-columns is-layout-flex wp-container-core-columns-is-layout-9d6595d7 wp-block-columns-is-layout-flex\"><\/div>\n\n\n\n<div class=\"wp-block-media-text alignwide has-media-on-the-right is-stacked-on-mobile\"><figure class=\"wp-block-media-text__media\">\n<figure><img data-recalc-dims=\"1\" decoding=\"async\" src=\"https:\/\/i0.wp.com\/hannouchedalila.wordpress.com\/wp-content\/uploads\/2018\/12\/elwatan1.jpg?w=620&#038;ssl=1\" alt=\"\" class=\"wp-image-81\"><\/figure><figcaption style=\"margin-top:-31px !important;\">Article sign\u00e9 Djamel Benachour, paru au journal alg\u00e9rien \u00ab\u00a0El Watan\u00a0\u00bb \u00e0 l&rsquo;occasion de la sortie du livre \u00ab\u00a0R\u00e9v\u00e8le-moi ton secret\u00a0\u00bb<\/figcaption><\/figure><div class=\"wp-block-media-text__content\">\n<h2 style=\"font-weight:bold;\"> Le Journal El Watan parle du livre \u00ab\u00a0R\u00e9v\u00e8le-moi ton secret\u00a0\u00bb<\/h2>\n<p style=\"text-align:justify;\">\nLe titre R\u00e9v\u00e8le-moi ton secret, premier livre publi\u00e9 de Dalila Hannouche (chez Dalimen), vaut bien son pesant d\u2019or, tellement le r\u00e9cit colle bien \u00e0 la manipulation de cette \u00abr\u00e9alit\u00e9 cach\u00e9e\u00bb rendant captivantes les histoires racont\u00e9es. Elles sont cinq, comme les notes d\u2019une gamme pentatonique, qui vibrent chacune \u00e0 sa fa\u00e7on&#8230;\n<\/p>\n<a href=\"https:\/\/www.elwatan.com\/regions\/ouest\/oran\/parution-revele-moi-ton-secret-le-premier-livre-de-dalila-hannouche-28-11-2018#main-content-section\" style=\"margin:0 0 6px;padding:15px 22px!important;border-radius:0;background-color:#ce2038 !important;font-size:16px;margin-left:14px;margin-top:15px;text-decoration:none !important;color:#fff !important;display:block;text-align:center;\">Lire plus<\/a>\n<\/div><\/div>\n\n\n\n<div class=\"wp-block-media-text alignwide\"><figure class=\"wp-block-media-text__media\"><img data-recalc-dims=\"1\" fetchpriority=\"high\" decoding=\"async\" width=\"620\" height=\"292\" src=\"https:\/\/i0.wp.com\/dalilahannouche.com\/wp-content\/uploads\/2019\/01\/5c30e078c90c0371532026-2.jpg?resize=620%2C292&#038;ssl=1\" alt=\"\" class=\"wp-image-312\" srcset=\"https:\/\/i0.wp.com\/dalilahannouche.com\/wp-content\/uploads\/2019\/01\/5c30e078c90c0371532026-2.jpg?w=829&amp;ssl=1 829w, https:\/\/i0.wp.com\/dalilahannouche.com\/wp-content\/uploads\/2019\/01\/5c30e078c90c0371532026-2.jpg?resize=300%2C141&amp;ssl=1 300w, https:\/\/i0.wp.com\/dalilahannouche.com\/wp-content\/uploads\/2019\/01\/5c30e078c90c0371532026-2.jpg?resize=768%2C361&amp;ssl=1 768w, https:\/\/i0.wp.com\/dalilahannouche.com\/wp-content\/uploads\/2019\/01\/5c30e078c90c0371532026-2.jpg?resize=18%2C8&amp;ssl=1 18w, https:\/\/i0.wp.com\/dalilahannouche.com\/wp-content\/uploads\/2019\/01\/5c30e078c90c0371532026-2.jpg?resize=600%2C282&amp;ssl=1 600w\" sizes=\"(max-width: 620px) 100vw, 620px\" \/><\/figure><div class=\"wp-block-media-text__content\">\n<h2 style=\"font-weight:bold;\"> Le journal El Djoumhouria au Petit Lecteur <\/h2>\n<p style=\"text-align:justify;\">\nLe Petit Lecteur d&rsquo;Oran a organis\u00e9 le 05\/01\/2019 une rencontre-d\u00e9dicace autour du livre \u00ab\u00a0R\u00e9v\u00e8le-moi ton secret\u00a0\u00bb. Le journal El Djoumhouria \u00e9tait pr\u00e9sent parmi les invit\u00e9s ! &#8230;\n<\/p>\n<a href=\"https:\/\/www.eldjoumhouria.dz\/art.php?Art=54781&amp;fbclid=IwAR0KQ0phXz_0ONCq6Vrm9zh-iu9y2VRJKmbCwmFtJNm5R5Zxa_6UaC-XIuY\" style=\"margin:0 0 6px;padding:15px 22px!important;border-radius:0;background-color:#f5af19 !important;font-size:16px;margin-left:14px;margin-top:15px;text-decoration:none !important;color:#fff !important;display:block;text-align:center;\">Lire plus<\/a>\n<\/div><\/div>\n<\/div><\/div>\n\n\n\n<div class=\"wp-block-media-text alignwide has-media-on-the-right\"><figure class=\"wp-block-media-text__media\"><img data-recalc-dims=\"1\" decoding=\"async\" width=\"415\" height=\"601\" src=\"https:\/\/i0.wp.com\/dalilahannouche.com\/wp-content\/uploads\/2019\/01\/51075845_2309202355770972_7186600443743567872_n.jpg?resize=415%2C601&#038;ssl=1\" alt=\"\" class=\"wp-image-320\" srcset=\"https:\/\/i0.wp.com\/dalilahannouche.com\/wp-content\/uploads\/2019\/01\/51075845_2309202355770972_7186600443743567872_n.jpg?w=415&amp;ssl=1 415w, https:\/\/i0.wp.com\/dalilahannouche.com\/wp-content\/uploads\/2019\/01\/51075845_2309202355770972_7186600443743567872_n.jpg?resize=207%2C300&amp;ssl=1 207w, https:\/\/i0.wp.com\/dalilahannouche.com\/wp-content\/uploads\/2019\/01\/51075845_2309202355770972_7186600443743567872_n.jpg?resize=8%2C12&amp;ssl=1 8w\" sizes=\"(max-width: 415px) 100vw, 415px\" \/><\/figure><div class=\"wp-block-media-text__content\">\n<h2 class=\"wp-block-heading\"><strong>Entretien avec le journal La Cit\u00e9<\/strong><\/h2>\n\n\n\n<p>Avec les questions du journaliste Hafit Zaouch.<\/p>\n\n\n\n<div class=\"wp-block-button is-style-squared\"><a class=\"wp-block-button__link has-text-color has-very-light-gray-color has-background\" href=\"https:\/\/urlz.fr\/8LMc\" style=\"background-color:#ce2038;\">Lire plus<\/a><\/div>\n<\/div><\/div>","protected":false},"excerpt":{"rendered":"<p>Article sign\u00e9 Djamel Benachour, paru au journal alg\u00e9rien \u00ab\u00a0El Watan\u00a0\u00bb \u00e0 l&rsquo;occasion de la sortie du livre \u00ab\u00a0R\u00e9v\u00e8le-moi ton secret\u00a0\u00bb Le Journal El Watan parle du livre \u00ab\u00a0R\u00e9v\u00e8le-moi ton secret\u00a0\u00bb Le titre R\u00e9v\u00e8le-moi ton secret, premier livre publi\u00e9 de Dalila Hannouche (chez Dalimen), vaut bien son pesant d\u2019or, tellement le r\u00e9cit colle bien \u00e0 la<a class=\"more-link\" href=\"https:\/\/dalilahannouche.com\/en\/actualite-articles\/\">Continue reading <span class=\"screen-reader-text\">\u00ab\u00a0Actualit\u00e9\u00a0\u00bb<\/span><\/a><\/p>","protected":false},"author":1,"featured_media":0,"parent":0,"menu_order":0,"comment_status":"closed","ping_status":"closed","template":"templates\/full-width-page.php","meta":{"footnotes":""},"class_list":["post-80","page","type-page","status-publish","hentry","entry"],"yoast_head":"<!-- This site is optimized with the Yoast SEO plugin v27.4 - https:\/\/yoast.com\/product\/yoast-seo-wordpress\/ -->\n<title>Actualit\u00e9 - Dalila Hannouche<\/title>\n<meta name=\"robots\" content=\"index, follow, max-snippet:-1, max-image-preview:large, max-video-preview:-1\" \/>\n<link rel=\"canonical\" href=\"https:\/\/dalilahannouche.com\/en\/actualite-articles\/\" \/>\n<meta property=\"og:locale\" content=\"en_US\" \/>\n<meta property=\"og:type\" content=\"article\" \/>\n<meta property=\"og:title\" content=\"Actualit\u00e9 - Dalila Hannouche\" \/>\n<meta property=\"og:description\" content=\"Article sign\u00e9 Djamel Benachour, paru au journal alg\u00e9rien \u00ab\u00a0El Watan\u00a0\u00bb \u00e0 l&rsquo;occasion de la sortie du livre \u00ab\u00a0R\u00e9v\u00e8le-moi ton secret\u00a0\u00bb Le Journal El Watan parle du livre \u00ab\u00a0R\u00e9v\u00e8le-moi ton secret\u00a0\u00bb Le titre R\u00e9v\u00e8le-moi ton secret, premier livre publi\u00e9 de Dalila Hannouche (chez Dalimen), vaut bien son pesant d\u2019or, tellement le r\u00e9cit colle bien \u00e0 laContinue reading &quot;Actualit\u00e9&quot;\" \/>\n<meta property=\"og:url\" content=\"https:\/\/dalilahannouche.com\/en\/actualite-articles\/\" \/>\n<meta property=\"og:site_name\" content=\"Dalila Hannouche\" \/>\n<meta property=\"og:image\" content=\"https:\/\/hannouchedalila.wordpress.com\/wp-content\/uploads\/2018\/12\/elwatan1.jpg\" \/>\n<meta name=\"twitter:card\" content=\"summary_large_image\" \/>\n<meta name=\"twitter:label1\" content=\"Est. reading time\" \/>\n\t<meta name=\"twitter:data1\" content=\"1 minute\" \/>\n<script type=\"application\/ld+json\" class=\"yoast-schema-graph\">{\"@context\":\"https:\\\/\\\/schema.org\",\"@graph\":[{\"@type\":\"WebPage\",\"@id\":\"https:\\\/\\\/dalilahannouche.com\\\/actualite-articles\\\/\",\"url\":\"https:\\\/\\\/dalilahannouche.com\\\/actualite-articles\\\/\",\"name\":\"Actualit\u00e9 - Dalila Hannouche\",\"isPartOf\":{\"@id\":\"https:\\\/\\\/dalilahannouche.com\\\/#website\"},\"primaryImageOfPage\":{\"@id\":\"https:\\\/\\\/dalilahannouche.com\\\/actualite-articles\\\/#primaryimage\"},\"image\":{\"@id\":\"https:\\\/\\\/dalilahannouche.com\\\/actualite-articles\\\/#primaryimage\"},\"thumbnailUrl\":\"https:\\\/\\\/hannouchedalila.wordpress.com\\\/wp-content\\\/uploads\\\/2018\\\/12\\\/elwatan1.jpg\",\"datePublished\":\"2018-11-30T14:30:44+00:00\",\"breadcrumb\":{\"@id\":\"https:\\\/\\\/dalilahannouche.com\\\/actualite-articles\\\/#breadcrumb\"},\"inLanguage\":\"en-US\",\"potentialAction\":[{\"@type\":\"ReadAction\",\"target\":[\"https:\\\/\\\/dalilahannouche.com\\\/actualite-articles\\\/\"]}]},{\"@type\":\"ImageObject\",\"inLanguage\":\"en-US\",\"@id\":\"https:\\\/\\\/dalilahannouche.com\\\/actualite-articles\\\/#primaryimage\",\"url\":\"https:\\\/\\\/hannouchedalila.wordpress.com\\\/wp-content\\\/uploads\\\/2018\\\/12\\\/elwatan1.jpg\",\"contentUrl\":\"https:\\\/\\\/hannouchedalila.wordpress.com\\\/wp-content\\\/uploads\\\/2018\\\/12\\\/elwatan1.jpg\"},{\"@type\":\"BreadcrumbList\",\"@id\":\"https:\\\/\\\/dalilahannouche.com\\\/actualite-articles\\\/#breadcrumb\",\"itemListElement\":[{\"@type\":\"ListItem\",\"position\":1,\"name\":\"Home\",\"item\":\"https:\\\/\\\/dalilahannouche.com\\\/\"},{\"@type\":\"ListItem\",\"position\":2,\"name\":\"Actualit\u00e9\"}]},{\"@type\":\"WebSite\",\"@id\":\"https:\\\/\\\/dalilahannouche.com\\\/#website\",\"url\":\"https:\\\/\\\/dalilahannouche.com\\\/\",\"name\":\"Dalila Hannouche\",\"description\":\"\u00c9crivain\",\"potentialAction\":[{\"@type\":\"SearchAction\",\"target\":{\"@type\":\"EntryPoint\",\"urlTemplate\":\"https:\\\/\\\/dalilahannouche.com\\\/?s={search_term_string}\"},\"query-input\":{\"@type\":\"PropertyValueSpecification\",\"valueRequired\":true,\"valueName\":\"search_term_string\"}}],\"inLanguage\":\"en-US\"}]}<\/script>\n<!-- \/ Yoast SEO plugin. -->","yoast_head_json":{"title":"Actualit\u00e9 - Dalila Hannouche","robots":{"index":"index","follow":"follow","max-snippet":"max-snippet:-1","max-image-preview":"max-image-preview:large","max-video-preview":"max-video-preview:-1"},"canonical":"https:\/\/dalilahannouche.com\/en\/actualite-articles\/","og_locale":"en_US","og_type":"article","og_title":"Actualit\u00e9 - Dalila Hannouche","og_description":"Article sign\u00e9 Djamel Benachour, paru au journal alg\u00e9rien \u00ab\u00a0El Watan\u00a0\u00bb \u00e0 l&rsquo;occasion de la sortie du livre \u00ab\u00a0R\u00e9v\u00e8le-moi ton secret\u00a0\u00bb Le Journal El Watan parle du livre \u00ab\u00a0R\u00e9v\u00e8le-moi ton secret\u00a0\u00bb Le titre R\u00e9v\u00e8le-moi ton secret, premier livre publi\u00e9 de Dalila Hannouche (chez Dalimen), vaut bien son pesant d\u2019or, tellement le r\u00e9cit colle bien \u00e0 laContinue reading \"Actualit\u00e9\"","og_url":"https:\/\/dalilahannouche.com\/en\/actualite-articles\/","og_site_name":"Dalila Hannouche","og_image":[{"url":"https:\/\/hannouchedalila.wordpress.com\/wp-content\/uploads\/2018\/12\/elwatan1.jpg","type":"","width":"","height":""}],"twitter_card":"summary_large_image","twitter_misc":{"Est. reading time":"1 minute"},"schema":{"@context":"https:\/\/schema.org","@graph":[{"@type":"WebPage","@id":"https:\/\/dalilahannouche.com\/actualite-articles\/","url":"https:\/\/dalilahannouche.com\/actualite-articles\/","name":"Actualit\u00e9 - Dalila Hannouche","isPartOf":{"@id":"https:\/\/dalilahannouche.com\/#website"},"primaryImageOfPage":{"@id":"https:\/\/dalilahannouche.com\/actualite-articles\/#primaryimage"},"image":{"@id":"https:\/\/dalilahannouche.com\/actualite-articles\/#primaryimage"},"thumbnailUrl":"https:\/\/hannouchedalila.wordpress.com\/wp-content\/uploads\/2018\/12\/elwatan1.jpg","datePublished":"2018-11-30T14:30:44+00:00","breadcrumb":{"@id":"https:\/\/dalilahannouche.com\/actualite-articles\/#breadcrumb"},"inLanguage":"en-US","potentialAction":[{"@type":"ReadAction","target":["https:\/\/dalilahannouche.com\/actualite-articles\/"]}]},{"@type":"ImageObject","inLanguage":"en-US","@id":"https:\/\/dalilahannouche.com\/actualite-articles\/#primaryimage","url":"https:\/\/hannouchedalila.wordpress.com\/wp-content\/uploads\/2018\/12\/elwatan1.jpg","contentUrl":"https:\/\/hannouchedalila.wordpress.com\/wp-content\/uploads\/2018\/12\/elwatan1.jpg"},{"@type":"BreadcrumbList","@id":"https:\/\/dalilahannouche.com\/actualite-articles\/#breadcrumb","itemListElement":[{"@type":"ListItem","position":1,"name":"Home","item":"https:\/\/dalilahannouche.com\/"},{"@type":"ListItem","position":2,"name":"Actualit\u00e9"}]},{"@type":"WebSite","@id":"https:\/\/dalilahannouche.com\/#website","url":"https:\/\/dalilahannouche.com\/","name":"Dalila Hannouche","description":"\u00c9crivain","potentialAction":[{"@type":"SearchAction","target":{"@type":"EntryPoint","urlTemplate":"https:\/\/dalilahannouche.com\/?s={search_term_string}"},"query-input":{"@type":"PropertyValueSpecification","valueRequired":true,"valueName":"search_term_string"}}],"inLanguage":"en-US"}]}},"jetpack_sharing_enabled":true,"jetpack-related-posts":[],"jetpack_shortlink":"https:\/\/wp.me\/PgCs3X-1i","brizy_media":[],"_links":{"self":[{"href":"https:\/\/dalilahannouche.com\/en\/wp-json\/wp\/v2\/pages\/80","targetHints":{"allow":["GET"]}}],"collection":[{"href":"https:\/\/dalilahannouche.com\/en\/wp-json\/wp\/v2\/pages"}],"about":[{"href":"https:\/\/dalilahannouche.com\/en\/wp-json\/wp\/v2\/types\/page"}],"author":[{"embeddable":true,"href":"https:\/\/dalilahannouche.com\/en\/wp-json\/wp\/v2\/users\/1"}],"replies":[{"embeddable":true,"href":"https:\/\/dalilahannouche.com\/en\/wp-json\/wp\/v2\/comments?post=80"}],"version-history":[{"count":0,"href":"https:\/\/dalilahannouche.com\/en\/wp-json\/wp\/v2\/pages\/80\/revisions"}],"wp:attachment":[{"href":"https:\/\/dalilahannouche.com\/en\/wp-json\/wp\/v2\/media?parent=80"}],"curies":[{"name":"wp","href":"https:\/\/api.w.org\/{rel}","templated":true}]}}